{"id":102,"date":"2015-07-14T16:12:07","date_gmt":"2015-07-14T16:12:07","guid":{"rendered":"http:\/\/test.kriesi.at\/minimal-portfolio\/?page_id=102"},"modified":"2021-01-05T15:51:19","modified_gmt":"2021-01-05T14:51:19","slug":"bildgalleri","status":"publish","type":"page","link":"https:\/\/vivere.se\/riddersvik\/bildgalleri\/","title":{"rendered":"Bildgalleri"},"content":{"rendered":"<div style='padding-bottom:40px; color:#000000;' class='av-special-heading av-special-heading-h1 custom-color-heading blockquote modern-quote  avia-builder-el-0  el_before_av_gallery  avia-builder-el-first  '><h1 class='av-special-heading-tag '  itemprop=\"headline\"  >Bildgalleri<\/h1><div class='special-heading-border'><div class='special-heading-inner-border' style='border-color:#000000'><\/div><\/div><\/div>\n<div class='avia-gallery  avia-gallery-1 avia_lazyload avia-gallery-animate avia_animate_when_visible  avia-builder-el-1  el_after_av_heading  avia-builder-el-last '  itemprop=\"ImageObject\" itemscope=\"itemscope\" itemtype=\"https:\/\/schema.org\/ImageObject\" ><div class='avia-gallery-thumb'> <a href='https:\/\/vivere.se\/riddersvik\/wp-content\/uploads\/2020\/09\/gallerisida_kvarter-8_utiifran-1030x595.jpg' data-rel='gallery-1' data-prev-img='https:\/\/vivere.se\/riddersvik\/wp-content\/uploads\/2020\/09\/gallerisida_kvarter-8_utiifran-495x400.jpg' class='first_thumb lightbox ' data-onclick='1' title=''  itemprop=\"thumbnailUrl\" ><img  src='https:\/\/vivere.se\/riddersvik\/wp-content\/uploads\/2020\/09\/gallerisida_kvarter-8_utiifran-495x400.jpg' width='495' height='400'  title='Kvarter 8 utifr\u00e5n' alt='Kvarter 8 utifr\u00e5n' \/><\/a> <a href='https:\/\/vivere.se\/riddersvik\/wp-content\/uploads\/2020\/09\/gallerisida_kvarter-8_innifran-1030x595.jpg' data-rel='gallery-1' data-prev-img='https:\/\/vivere.se\/riddersvik\/wp-content\/uploads\/2020\/09\/gallerisida_kvarter-8_innifran-495x400.jpg' class='lightbox ' data-onclick='2' title=''  itemprop=\"thumbnailUrl\" ><img  src='https:\/\/vivere.se\/riddersvik\/wp-content\/uploads\/2020\/09\/gallerisida_kvarter-8_innifran-495x400.jpg' width='495' height='400'  title='Kvarter 8 inifr\u00e5n' alt='Kvarter 8 inifr\u00e5n' \/><\/a> <a href='https:\/\/vivere.se\/riddersvik\/wp-content\/uploads\/2015\/07\/gallerisida_lagenhet-1030x579.jpg' data-rel='gallery-1' data-prev-img='https:\/\/vivere.se\/riddersvik\/wp-content\/uploads\/2015\/07\/gallerisida_lagenhet-495x400.jpg' class='lightbox ' data-onclick='3' title='Egen odling i l\u00e4genhet'  itemprop=\"thumbnailUrl\" ><img data-avia-tooltip='Egen odling i l\u00e4genhet' src='https:\/\/vivere.se\/riddersvik\/wp-content\/uploads\/2015\/07\/gallerisida_lagenhet-495x400.jpg' width='495' height='400'  title='L\u00e4genhet inifr\u00e5n' alt='L\u00e4genhet inifr\u00e5n' \/><\/a> <a href='https:\/\/vivere.se\/riddersvik\/wp-content\/uploads\/2015\/07\/gallerisida_lokalgata-1030x579.jpg' data-rel='gallery-1' data-prev-img='https:\/\/vivere.se\/riddersvik\/wp-content\/uploads\/2015\/07\/gallerisida_lokalgata-495x400.jpg' class='lightbox ' data-onclick='4' title='Radhus l\u00e4ngst lokalgata'  itemprop=\"thumbnailUrl\" ><img data-avia-tooltip='Radhus l\u00e4ngst lokalgata' src='https:\/\/vivere.se\/riddersvik\/wp-content\/uploads\/2015\/07\/gallerisida_lokalgata-495x400.jpg' width='495' height='400'  title='Lokalgata' alt='Lokalgata' \/><\/a> <a href='https:\/\/vivere.se\/riddersvik\/wp-content\/uploads\/2020\/09\/gallerisida_oversiktskarta_kvarter-8-1030x773.jpg' data-rel='gallery-1' data-prev-img='https:\/\/vivere.se\/riddersvik\/wp-content\/uploads\/2020\/09\/gallerisida_oversiktskarta_kvarter-8-495x400.jpg' class='lightbox ' data-onclick='5' title=''  itemprop=\"thumbnailUrl\" ><img  src='https:\/\/vivere.se\/riddersvik\/wp-content\/uploads\/2020\/09\/gallerisida_oversiktskarta_kvarter-8-495x400.jpg' width='495' height='400'  title='\u00d6versiktskarta Kvarter 8' alt='\u00d6versiktskarta Kvarter 8' \/><\/a> <a href='https:\/\/vivere.se\/riddersvik\/wp-content\/uploads\/2018\/03\/Vivere_Riddersvik-\u00f6versiktsbild-1030x572.jpg' data-rel='gallery-1' data-prev-img='https:\/\/vivere.se\/riddersvik\/wp-content\/uploads\/2018\/03\/Vivere_Riddersvik-\u00f6versiktsbild-495x400.jpg' class='first_thumb lightbox ' data-onclick='6' title='\u00d6versikt kvarter 8'  itemprop=\"thumbnailUrl\" ><img data-avia-tooltip='\u00d6versikt kvarter 8' src='https:\/\/vivere.se\/riddersvik\/wp-content\/uploads\/2018\/03\/Vivere_Riddersvik-\u00f6versiktsbild-495x400.jpg' width='495' height='400'  title='Vivere_Riddersvik \u00f6versiktsbild' alt='' \/><\/a> <a href='https:\/\/vivere.se\/riddersvik\/wp-content\/uploads\/2020\/09\/projekt-riddersvik-1030x360.jpg' data-rel='gallery-1' data-prev-img='https:\/\/vivere.se\/riddersvik\/wp-content\/uploads\/2020\/09\/projekt-riddersvik-495x400.jpg' class='lightbox ' data-onclick='7' title=''  itemprop=\"thumbnailUrl\" ><img  src='https:\/\/vivere.se\/riddersvik\/wp-content\/uploads\/2020\/09\/projekt-riddersvik-495x400.jpg' width='495' height='400'  title='Projekt Riddersvik - Bild: Stockholm Stad' alt='Projekt Riddersvik - Bild: Stockholm Stad' \/><\/a> <a href='https:\/\/vivere.se\/riddersvik\/wp-content\/uploads\/2018\/04\/riddersviks-gacc8ard-fracc8an-sjocc88sidan-1030x722.jpg' data-rel='gallery-1' data-prev-img='https:\/\/vivere.se\/riddersvik\/wp-content\/uploads\/2018\/04\/riddersviks-gacc8ard-fracc8an-sjocc88sidan-495x400.jpg' class='lightbox ' data-onclick='8' title='Riddersviks G\u00e5rd framifr\u00e5n'  itemprop=\"thumbnailUrl\" ><img data-avia-tooltip='Riddersviks G\u00e5rd framifr\u00e5n' src='https:\/\/vivere.se\/riddersvik\/wp-content\/uploads\/2018\/04\/riddersviks-gacc8ard-fracc8an-sjocc88sidan-495x400.jpg' width='495' height='400'  title='Riddersviks-ga\u030ard-fra\u030an-sjo\u0308sidan' alt='Riddersviks-ga\u030ard-fra\u030an-sjo\u0308sidan' \/><\/a> <a href='https:\/\/vivere.se\/riddersvik\/wp-content\/uploads\/2018\/04\/riddersviks-gacc8ard-framifracc8an-1030x430.jpg' data-rel='gallery-1' data-prev-img='https:\/\/vivere.se\/riddersvik\/wp-content\/uploads\/2018\/04\/riddersviks-gacc8ard-framifracc8an-495x400.jpg' class='lightbox ' data-onclick='9' title='Riddersviks G\u00e5rd fr\u00e5n sj\u00f6sidan'  itemprop=\"thumbnailUrl\" ><img data-avia-tooltip='Riddersviks G\u00e5rd fr\u00e5n sj\u00f6sidan' src='https:\/\/vivere.se\/riddersvik\/wp-content\/uploads\/2018\/04\/riddersviks-gacc8ard-framifracc8an-495x400.jpg' width='495' height='400'  title='Riddersviks-ga\u030ard-framifra\u030an' alt='Riddersviks-ga\u030ard-framifra\u030an' \/><\/a> <a href='https:\/\/vivere.se\/riddersvik\/wp-content\/uploads\/2015\/07\/gallerisida_stall-1030x579.jpg' data-rel='gallery-1' data-prev-img='https:\/\/vivere.se\/riddersvik\/wp-content\/uploads\/2015\/07\/gallerisida_stall-495x400.jpg' class='lightbox ' data-onclick='10' title=''  itemprop=\"thumbnailUrl\" ><img  src='https:\/\/vivere.se\/riddersvik\/wp-content\/uploads\/2015\/07\/gallerisida_stall-495x400.jpg' width='495' height='400'  title='G\u00e5rdens stall' alt='G\u00e5rdens stall' \/><\/a><\/div><\/div>\n","protected":false},"excerpt":{"rendered":"","protected":false},"author":5,"featured_media":0,"parent":0,"menu_order":0,"comment_status":"open","ping_status":"open","template":"","meta":[],"_links":{"self":[{"href":"https:\/\/vivere.se\/riddersvik\/wp-json\/wp\/v2\/pages\/102"}],"collection":[{"href":"https:\/\/vivere.se\/riddersvik\/wp-json\/wp\/v2\/pages"}],"about":[{"href":"https:\/\/vivere.se\/riddersvik\/wp-json\/wp\/v2\/types\/page"}],"author":[{"embeddable":true,"href":"https:\/\/vivere.se\/riddersvik\/wp-json\/wp\/v2\/users\/5"}],"replies":[{"embeddable":true,"href":"https:\/\/vivere.se\/riddersvik\/wp-json\/wp\/v2\/comments?post=102"}],"version-history":[{"count":26,"href":"https:\/\/vivere.se\/riddersvik\/wp-json\/wp\/v2\/pages\/102\/revisions"}],"predecessor-version":[{"id":512,"href":"https:\/\/vivere.se\/riddersvik\/wp-json\/wp\/v2\/pages\/102\/revisions\/512"}],"wp:attachment":[{"href":"https:\/\/vivere.se\/riddersvik\/wp-json\/wp\/v2\/media?parent=102"}],"curies":[{"name":"wp","href":"https:\/\/api.w.org\/{rel}","templated":true}]}}