{"id":156,"date":"2015-07-16T09:12:51","date_gmt":"2015-07-16T09:12:51","guid":{"rendered":"http:\/\/test.kriesi.at\/minimal-portfolio\/?page_id=156"},"modified":"2021-01-05T15:51:36","modified_gmt":"2021-01-05T14:51:36","slug":"kontakt","status":"publish","type":"page","link":"https:\/\/vivere.se\/riddersvik\/kontakt\/","title":{"rendered":"Kontakt"},"content":{"rendered":"<div class=\"flex_column av_one_full  av-animated-generic bottom-to-top  flex_column_div av-zero-column-padding first  avia-builder-el-0  el_before_av_one_full  avia-builder-el-first  \" style='border-radius:0px; '><p><div style='padding-bottom:10px; ' class='av-special-heading av-special-heading-h1  blockquote modern-quote  avia-builder-el-1  el_before_av_textblock  avia-builder-el-first  '><h1 class='av-special-heading-tag '  itemprop=\"headline\"  >Kontakt<\/h1><div class='special-heading-border'><div class='special-heading-inner-border' ><\/div><\/div><\/div><br \/>\n<section class=\"av_textblock_section \"  itemscope=\"itemscope\" itemtype=\"https:\/\/schema.org\/CreativeWork\" ><div class='avia_textblock  '   itemprop=\"text\" ><p>\u00c4r du intresserad av att flytta in i de nya l\u00e4genheterna, radhusen eller parhusen? Har du andra fr\u00e5gor om omr\u00e5det eller projektet?\u00a0 Varmt v\u00e4lkommen att kontakta oss via formul\u00e4ret nedan.<\/p>\n<\/div><\/section><\/p><\/div><div class=\"flex_column av_one_full  flex_column_div first  avia-builder-el-3  el_after_av_one_full  avia-builder-el-last  column-top-margin\" style='padding:0px 0px 0px 0px ; border-radius:0px; '><section class=\"av_textblock_section \"  itemscope=\"itemscope\" itemtype=\"https:\/\/schema.org\/CreativeWork\" ><div class='avia_textblock  '   itemprop=\"text\" ><form id=\"forminator-module-509\" class=\"forminator-custom-form forminator-custom-form-509\" method=\"post\" data-forminator-render=\"0\" data-uid=\"6a045610ccadc\"><div class=\"forminator-response-message forminator-error\" aria-hidden=\"true\"><\/div><\/form>\n<\/div><\/section><\/div><\/p>\n","protected":false},"excerpt":{"rendered":"","protected":false},"author":5,"featured_media":0,"parent":0,"menu_order":0,"comment_status":"open","ping_status":"open","template":"","meta":[],"_links":{"self":[{"href":"https:\/\/vivere.se\/riddersvik\/wp-json\/wp\/v2\/pages\/156"}],"collection":[{"href":"https:\/\/vivere.se\/riddersvik\/wp-json\/wp\/v2\/pages"}],"about":[{"href":"https:\/\/vivere.se\/riddersvik\/wp-json\/wp\/v2\/types\/page"}],"author":[{"embeddable":true,"href":"https:\/\/vivere.se\/riddersvik\/wp-json\/wp\/v2\/users\/5"}],"replies":[{"embeddable":true,"href":"https:\/\/vivere.se\/riddersvik\/wp-json\/wp\/v2\/comments?post=156"}],"version-history":[{"count":23,"href":"https:\/\/vivere.se\/riddersvik\/wp-json\/wp\/v2\/pages\/156\/revisions"}],"predecessor-version":[{"id":555,"href":"https:\/\/vivere.se\/riddersvik\/wp-json\/wp\/v2\/pages\/156\/revisions\/555"}],"wp:attachment":[{"href":"https:\/\/vivere.se\/riddersvik\/wp-json\/wp\/v2\/media?parent=156"}],"curies":[{"name":"wp","href":"https:\/\/api.w.org\/{rel}","templated":true}]}}